{"id":8958,"date":"2020-12-14T07:27:37","date_gmt":"2020-12-14T07:27:37","guid":{"rendered":"https:\/\/companyhub.liquid-themes.com\/staging\/?page_id=8958"},"modified":"2024-10-11T10:19:13","modified_gmt":"2024-10-11T10:19:13","slug":"hakkimizda","status":"publish","type":"page","link":"https:\/\/resabaglanti.com\/en\/hakkimizda\/","title":{"rendered":"About Us"},"content":{"rendered":"<div data-elementor-type=\"wp-page\" data-elementor-id=\"8958\" class=\"elementor elementor-8958\">\n\t\t\t\t\t\t<section class=\"elementor-section elementor-top-section elementor-element elementor-element-a7886a1 elementor-section-content-middle elementor-section-boxed elementor-section-height-default elementor-section-height-default\" data-id=\"a7886a1\" data-element_type=\"section\" data-settings=\"{&quot;background_background&quot;:&quot;classic&quot;}\">\n\t\t\t\t\t\t<div class=\"elementor-container elementor-column-gap-default\">\n\t\t\t\t\t<div class=\"elementor-column elementor-col-50 elementor-top-column elementor-element elementor-element-0daebe4\" data-id=\"0daebe4\" data-element_type=\"column\">\n\t\t\t<div class=\"elementor-widget-wrap elementor-element-populated\">\n\t\t\t\t\t\t<div data-parallax=\"true\" data-parallax-options=\"{&quot;ease&quot;:[&quot;linear&quot;],&quot;start&quot;:&quot;top bottom&quot;,&quot;end&quot;:&quot;bottom+=0px top&quot;}\" data-parallax-from=\"{&quot;y&quot;:&quot;75px&quot;}\" data-parallax-to=\"{&quot;y&quot;:&quot;-75px&quot;}\" class=\"elementor-element elementor-element-31fc32a elementor-widget__width-initial elementor-widget elementor-widget-ld_fancy_image\" data-id=\"31fc32a\" data-element_type=\"widget\" data-widget_type=\"ld_fancy_image.default\">\n\t\t\t\t<div class=\"elementor-widget-container\">\n\t\t\t\n\t\t<div class=\"lqd-imggrp-single d-block pos-rel\" data-shadow-style=\"4\" data-inview=\"true\" data-animate-shadow=\"true\">\n\t\t\t<div class=\"lqd-imggrp-img-container d-inline-flex pos-rel align-items-center justify-content-center\">\n\t\t\t\t\t\t\t\t<figure class=\"w-100 pos-rel\">\n\t\t\t\t\t<img fetchpriority=\"high\" decoding=\"async\" width=\"582\" height=\"416\" src=\"https:\/\/resabaglanti.com\/wp-content\/uploads\/2024\/08\/bg3-1.jpg\" class=\"attachment-full size-full wp-image-10387\" alt=\"\" srcset=\"https:\/\/resabaglanti.com\/wp-content\/uploads\/2024\/08\/bg3-1.jpg 582w, https:\/\/resabaglanti.com\/wp-content\/uploads\/2024\/08\/bg3-1-300x214.jpg 300w, https:\/\/resabaglanti.com\/wp-content\/uploads\/2024\/08\/bg3-1-18x12.jpg 18w\" sizes=\"(max-width: 582px) 100vw, 582px\" itemprop=\"image\" \/>\t\t\t\t\t\t\t\t\t\t\t\t\t\t\t\t\t\t\t\t\t\t\t\t\t\t\t\t\t<\/figure>\n\t\t\t<\/div>\n\t\t<\/div>\n\n\t\t\t<\/div>\n\t\t\t\t<\/div>\n\t\t\t\t<div data-parallax=\"true\" data-parallax-options=\"{&quot;ease&quot;:[&quot;linear&quot;],&quot;start&quot;:&quot;top bottom&quot;,&quot;end&quot;:&quot;bottom+=0px top&quot;}\" data-parallax-from=\"{&quot;y&quot;:&quot;35px&quot;}\" data-parallax-to=\"{&quot;y&quot;:&quot;-45px&quot;}\" class=\"elementor-element elementor-element-792ff08 elementor-widget__width-initial elementor-absolute elementor-hidden-mobile elementor-widget elementor-widget-ld_fancy_image\" data-id=\"792ff08\" data-element_type=\"widget\" data-settings=\"{&quot;_position&quot;:&quot;absolute&quot;}\" data-widget_type=\"ld_fancy_image.default\">\n\t\t\t\t<div class=\"elementor-widget-container\">\n\t\t\t\n\t\t<div class=\"lqd-imggrp-single d-block pos-rel\" data-shadow-style=\"4\" data-inview=\"true\" data-animate-shadow=\"true\">\n\t\t\t<div class=\"lqd-imggrp-img-container d-inline-flex pos-rel align-items-center justify-content-center\">\n\t\t\t\t\t\t\t\t<figure class=\"w-100 pos-rel\">\n\t\t\t\t\t<img decoding=\"async\" width=\"536\" height=\"666\" src=\"data:image\/svg+xml;charset=utf-8,%3Csvg xmlns%3D&#039;http%3A%2F%2Fwww.w3.org%2F2000%2Fsvg&#039; viewBox%3D&#039;0 0 536 666&#039;%2F%3E\" class=\"attachment-full size-full wp-image-10385 ld-lazyload\" alt=\"\" itemprop=\"image\" data-src=\"https:\/\/resabaglanti.com\/wp-content\/uploads\/2024\/08\/bg2-1.jpg\" data-srcset=\"https:\/\/resabaglanti.com\/wp-content\/uploads\/2024\/08\/bg2-1.jpg 536w, https:\/\/resabaglanti.com\/wp-content\/uploads\/2024\/08\/bg2-1-241x300.jpg 241w, https:\/\/resabaglanti.com\/wp-content\/uploads\/2024\/08\/bg2-1-10x12.jpg 10w\" data-sizes=\"(max-width: 536px) 100vw, 536px\" data-aspect=\"0.8048048048048\" \/>\t\t\t\t\t\t\t\t\t\t\t\t\t\t\t\t\t\t\t\t\t\t\t\t\t\t\t\t\t<\/figure>\n\t\t\t<\/div>\n\t\t<\/div>\n\n\t\t\t<\/div>\n\t\t\t\t<\/div>\n\t\t\t\t<div data-parallax=\"true\" data-parallax-options=\"{&quot;ease&quot;:[&quot;linear&quot;],&quot;start&quot;:&quot;top bottom&quot;,&quot;end&quot;:&quot;bottom+=0px top&quot;}\" data-parallax-from=\"{&quot;y&quot;:&quot;35px&quot;}\" data-parallax-to=\"{&quot;y&quot;:&quot;-45px&quot;}\" class=\"elementor-element elementor-element-3868b0e elementor-widget__width-initial elementor-absolute elementor-hidden-mobile elementor-widget elementor-widget-ld_fancy_image\" data-id=\"3868b0e\" data-element_type=\"widget\" data-settings=\"{&quot;_position&quot;:&quot;absolute&quot;}\" data-widget_type=\"ld_fancy_image.default\">\n\t\t\t\t<div class=\"elementor-widget-container\">\n\t\t\t\n\t\t<div class=\"lqd-imggrp-single d-block pos-rel\" data-shadow-style=\"4\" data-inview=\"true\" data-animate-shadow=\"true\">\n\t\t\t<div class=\"lqd-imggrp-img-container d-inline-flex pos-rel align-items-center justify-content-center\">\n\t\t\t\t\t\t\t\t<figure class=\"w-100 pos-rel\">\n\t\t\t\t\t<img decoding=\"async\" width=\"1200\" height=\"706\" src=\"data:image\/svg+xml;charset=utf-8,%3Csvg xmlns%3D&#039;http%3A%2F%2Fwww.w3.org%2F2000%2Fsvg&#039; viewBox%3D&#039;0 0 1200 706&#039;%2F%3E\" class=\"attachment-full size-full wp-image-10898 ld-lazyload\" alt=\"\" itemprop=\"image\" data-src=\"https:\/\/resabaglanti.com\/wp-content\/uploads\/2024\/10\/RESA_FAB.jpg\" data-srcset=\"https:\/\/resabaglanti.com\/wp-content\/uploads\/2024\/10\/RESA_FAB.jpg 1200w, https:\/\/resabaglanti.com\/wp-content\/uploads\/2024\/10\/RESA_FAB-300x177.jpg 300w, https:\/\/resabaglanti.com\/wp-content\/uploads\/2024\/10\/RESA_FAB-1024x602.jpg 1024w, https:\/\/resabaglanti.com\/wp-content\/uploads\/2024\/10\/RESA_FAB-18x12.jpg 18w\" data-sizes=\"(max-width: 1200px) 100vw, 1200px\" data-aspect=\"1.699716713881\" \/>\t\t\t\t\t\t\t\t\t\t\t\t\t\t\t\t\t\t\t\t\t\t\t\t\t\t\t\t\t<\/figure>\n\t\t\t<\/div>\n\t\t<\/div>\n\n\t\t\t<\/div>\n\t\t\t\t<\/div>\n\t\t\t\t\t<\/div>\n\t\t<\/div>\n\t\t\t\t<div class=\"elementor-column elementor-col-50 elementor-top-column elementor-element elementor-element-707bf6a\" data-id=\"707bf6a\" data-element_type=\"column\">\n\t\t\t<div class=\"elementor-widget-wrap elementor-element-populated\">\n\t\t\t\t\t\t<section class=\"elementor-section elementor-inner-section elementor-element elementor-element-201cfda elementor-section-boxed elementor-section-height-default elementor-section-height-default\" data-id=\"201cfda\" data-element_type=\"section\">\n\t\t\t\t\t\t<div class=\"elementor-container elementor-column-gap-default\">\n\t\t\t\t\t<div class=\"elementor-column elementor-col-100 elementor-inner-column elementor-element elementor-element-ec705d7 elementor-hidden-mobile\" data-id=\"ec705d7\" data-element_type=\"column\">\n\t\t\t<div class=\"elementor-widget-wrap elementor-element-populated\">\n\t\t\t\t\t\t<div class=\"elementor-element elementor-element-b9df6ee elementor-widget__width-initial elementor-widget-tablet__width-initial elementor-widget elementor-widget-hub_fancy_heading\" data-id=\"b9df6ee\" data-element_type=\"widget\" data-widget_type=\"hub_fancy_heading.default\">\n\t\t\t\t<div class=\"elementor-widget-container\">\n\t\t\t\n\t\t<div id=\"ld-fancy-heading-6a044a56c5504\" class=\"ld-fancy-heading pos-rel\">\n\t\t\t<h4 class=\"ld-fh-element d-inline-block pos-rel  elementor-heading-title lqd-highlight-classic lqd-highlight-grow-left h4\"  > Who Are We?<\/h4>\t\t<\/div>\n\n\t\t\t\t<\/div>\n\t\t\t\t<\/div>\n\t\t\t\t<div class=\"elementor-element elementor-element-6047b86 elementor-widget__width-initial elementor-widget-tablet__width-initial elementor-widget-divider--view-line elementor-widget elementor-widget-divider\" data-id=\"6047b86\" data-element_type=\"widget\" data-widget_type=\"divider.default\">\n\t\t\t\t<div class=\"elementor-widget-container\">\n\t\t\t\t\t<div class=\"elementor-divider\">\n\t\t\t<span class=\"elementor-divider-separator\">\n\t\t\t\t\t\t<\/span>\n\t\t<\/div>\n\t\t\t\t<\/div>\n\t\t\t\t<\/div>\n\t\t\t\t\t<\/div>\n\t\t<\/div>\n\t\t\t\t\t<\/div>\n\t\t<\/section>\n\t\t\t\t<div class=\"elementor-element elementor-element-700e115 elementor-widget elementor-widget-hub_fancy_heading\" data-id=\"700e115\" data-element_type=\"widget\" data-widget_type=\"hub_fancy_heading.default\">\n\t\t\t\t<div class=\"elementor-widget-container\">\n\t\t\t\n\t\t<div id=\"ld-fancy-heading-6a044a56c57b8\" class=\"ld-fancy-heading pos-rel\">\n\t\t\t<h2 class=\"ld-fh-element d-inline-block pos-rel  elementor-heading-title lqd-highlight-classic lqd-highlight-grow-left h2\"  > About Us <\/h2>\t\t<\/div>\n\n\t\t\t\t<\/div>\n\t\t\t\t<\/div>\n\t\t\t\t<div class=\"elementor-element elementor-element-83d4e92 elementor-widget elementor-widget-hub_fancy_heading\" data-id=\"83d4e92\" data-element_type=\"widget\" data-widget_type=\"hub_fancy_heading.default\">\n\t\t\t\t<div class=\"elementor-widget-container\">\n\t\t\t\n\t\t<div id=\"ld-fancy-heading-6a044a56c5a06\" class=\"ld-fancy-heading pos-rel\">\n\t\t\t<p class=\"ld-fh-element d-inline-block pos-rel  lqd-highlight-classic lqd-highlight-grow-left p\"  > RESA 2018 y\u0131l\u0131nda RESA BA\u011eLANTI ELEMANLARI SAN. T\u0130C. A.\u015e. olarak yurt i\u00e7i ve yurt d\u0131\u015f\u0131 pazara so\u011fuk d\u00f6vme y\u00f6ntemi ile \u00f6zel ba\u011flant\u0131 par\u00e7alar\u0131n\u0131n \u00fcretimini yapmak hedefiyle kurulmu\u015ftur.\n<br><br>\n7500 m2 kapal\u0131, 1000 m2 a\u00e7\u0131k, toplam 8.500 m2 alan \u00fczerine kurulu fabrikas\u0131nda \u00fcretime devam eden RESA, teknolojik yenilik ve geli\u015fmeleri yak\u0131ndan takip ederek, dinamik ve gen\u00e7 kadrosu ile so\u011fuk d\u00f6vme teknolojisi ile ba\u011flant\u0131 elemanlar\u0131 \u00fcretiminde lider konuma gelme hususunda emin ad\u0131mlarla ilerlemektedir.\n<br><br>\nBa\u011flant\u0131 elemanlar\u0131 sekt\u00f6r\u00fcnde \u00f6nc\u00fc marka olmak hedefiyle; \u00fcr\u00fcn kalitesi ve sat\u0131\u015f sonras\u0131 m\u00fc\u015fteri memnuniyetini de temel ilke edinen RESA, \u00fcretimin her a\u015famas\u0131nda ISO 9001 ve IATF 16949 Kalite Y\u00f6netim Sistemi temel prensiplerine ba\u011fl\u0131 kalm\u0131\u015f ve \u00fcretimini y\u00f6nlendirmi\u015ftir.\nBirikimleri ile gerek otomotiv ana sanayi gerekse yan sanayi ile senkronize \u00fcretim yapabilen RESA, yeni projeler ile AR-GE \u00e7al\u0131\u015fmalar\u0131n\u0131 da desteklemektedir. RESA uluslararas\u0131 platformlarda ses getiren bir firma haline gelebilme potansiyeline sahiptir.\n<\/p>\t\t<\/div>\n\n\t\t\t\t<\/div>\n\t\t\t\t<\/div>\n\t\t\t\t\t<\/div>\n\t\t<\/div>\n\t\t\t\t\t<\/div>\n\t\t<\/section>\n\t\t<div class=\"elementor-element elementor-element-9df59fc e-flex e-con-boxed e-con e-parent\" data-id=\"9df59fc\" data-element_type=\"container\">\n\t\t\t\t\t<div class=\"e-con-inner\">\n\t\t\t\t<div class=\"elementor-element elementor-element-a7fde20 elementor-widget elementor-widget-text-editor\" data-id=\"a7fde20\" data-element_type=\"widget\" data-widget_type=\"text-editor.default\">\n\t\t\t\t<div class=\"elementor-widget-container\">\n\t\t\t\t\t\t\t<p><strong>Our Values<\/strong><\/p><ul><li>We plan and implement our work in line with honest, transparent and legally compliant values.\u00a0<\/li><li>The satisfaction of our customers is always our priority.\u00a0<\/li><li>Our success is the joint work of all our employees. We support the personal and professional development of our employees.\u00a0<\/li><li>We attach importance to increasing our efficiency and competitiveness in order to ensure the sustainable growth of our company.\u00a0<\/li><li>We carry out our work to leave a clean world for our future by giving priority to environmentally compatible technologies.<\/li><\/ul>\t\t\t\t\t\t<\/div>\n\t\t\t\t<\/div>\n\t\t\t\t\t<\/div>\n\t\t\t\t<\/div>\n\t\t\t\t<section class=\"elementor-section elementor-top-section elementor-element elementor-element-320e0632 elementor-section-boxed elementor-section-height-default elementor-section-height-default\" data-id=\"320e0632\" data-element_type=\"section\" data-settings=\"{&quot;background_background&quot;:&quot;classic&quot;}\">\n\t\t\t\t\t\t<div class=\"elementor-container elementor-column-gap-default\">\n\t\t\t\t\t<div class=\"elementor-column elementor-col-100 elementor-top-column elementor-element elementor-element-51013350\" data-id=\"51013350\" data-element_type=\"column\">\n\t\t\t<div class=\"elementor-widget-wrap elementor-element-populated\">\n\t\t\t\t\t\t<div class=\"elementor-element elementor-element-1104019f elementor-widget elementor-widget-image\" data-id=\"1104019f\" data-element_type=\"widget\" data-widget_type=\"image.default\">\n\t\t\t\t<div class=\"elementor-widget-container\">\n\t\t\t\t\t\t\t\t\t\t\t\t\t<img loading=\"lazy\" decoding=\"async\" width=\"231\" height=\"63\" src=\"https:\/\/resabaglanti.com\/wp-content\/uploads\/2024\/09\/yelken-logo-1.svg\" class=\"attachment-large size-large wp-image-10672\" alt=\"\" \/>\t\t\t\t\t\t\t\t\t\t\t\t\t<\/div>\n\t\t\t\t<\/div>\n\t\t\t\t<div class=\"elementor-element elementor-element-0139e00 elementor-widget elementor-widget-heading\" data-id=\"0139e00\" data-element_type=\"widget\" data-widget_type=\"heading.default\">\n\t\t\t\t<div class=\"elementor-widget-container\">\n\t\t\t<h2 class=\"elementor-heading-title elementor-size-default\">It derives its strength from the Yelken Group Family.\n<\/h2>\t\t<\/div>\n\t\t\t\t<\/div>\n\t\t\t\t<div class=\"elementor-element elementor-element-47d5c39 elementor-widget__width-initial elementor-widget elementor-widget-text-editor\" data-id=\"47d5c39\" data-element_type=\"widget\" data-widget_type=\"text-editor.default\">\n\t\t\t\t<div class=\"elementor-widget-container\">\n\t\t\t\t\t\t\tSince 1969, our mission, goals and values have shaped this company and enabled us to continue to deliver quality products with an unwavering customer focus.\t\t\t\t\t\t<\/div>\n\t\t\t\t<\/div>\n\t\t\t\t<div class=\"elementor-element elementor-element-922ad48 elementor-align-center elementor-widget elementor-widget-ld_button\" data-id=\"922ad48\" data-element_type=\"widget\" data-widget_type=\"ld_button.default\">\n\t\t\t\t<div class=\"elementor-widget-container\">\n\t\t\t\n\t\t\t<a href=\"https:\/\/www.yelken.com.tr\/tr\/\" class=\"elementor-button btn btn-solid btn-xsm btn-icon-shaped btn-has-label\" target=\"_blank\" rel=\"noopener\">\n\t\t\t\t\t\t\t\t\t<span data-text=\"Yelken Grup&#039;u Yak\u0131ndan Tan\u0131mak \u0130\u00e7in T\u0131klay\u0131n\" class=\"btn-txt\">\n\t\t\t\t\t\tClick to Get to Know Yelken Group\t\t\t\t\t<\/span>\n\t\t\t\t\t\t\t\t\t\t\t<\/a>\n\t\t\t\t\t<\/div>\n\t\t\t\t<\/div>\n\t\t\t\t\t<\/div>\n\t\t<\/div>\n\t\t\t\t\t<\/div>\n\t\t<\/section>\n\t\t\t\t<section class=\"elementor-section elementor-top-section elementor-element elementor-element-3cf82a6 elementor-section-boxed elementor-section-height-default elementor-section-height-default\" data-id=\"3cf82a6\" data-element_type=\"section\" data-settings=\"{&quot;background_background&quot;:&quot;classic&quot;}\">\n\t\t\t\t\t\t<div class=\"elementor-container elementor-column-gap-default\">\n\t\t\t\t\t<div class=\"elementor-column elementor-col-100 elementor-top-column elementor-element elementor-element-f4fc355\" data-id=\"f4fc355\" data-element_type=\"column\">\n\t\t\t<div class=\"elementor-widget-wrap elementor-element-populated\">\n\t\t\t\t\t\t<div class=\"elementor-element elementor-element-ab4480c elementor-absolute elementor-hidden-phone elementor-widget elementor-widget-ld_fancy_image\" data-id=\"ab4480c\" data-element_type=\"widget\" data-settings=\"{&quot;_position&quot;:&quot;absolute&quot;}\" data-widget_type=\"ld_fancy_image.default\">\n\t\t\t\t<div class=\"elementor-widget-container\">\n\t\t\t\n\t\t<div class=\"lqd-imggrp-single d-block pos-rel\">\n\t\t\t<div class=\"lqd-imggrp-img-container d-inline-flex pos-rel align-items-center justify-content-center\">\n\t\t\t\t\t\t\t\t<figure class=\"w-100 pos-rel\">\n\t\t\t\t\t<img loading=\"lazy\" decoding=\"async\" width=\"790\" height=\"790\" src=\"data:image\/svg+xml;charset=utf-8,%3Csvg xmlns%3D&#039;http%3A%2F%2Fwww.w3.org%2F2000%2Fsvg&#039; viewBox%3D&#039;0 0 790 790&#039;%2F%3E\" class=\"attachment-full size-full wp-image-10340 ld-lazyload\" alt=\"\" itemprop=\"image\" data-src=\"https:\/\/resabaglanti.com\/wp-content\/uploads\/2024\/08\/favicon-kopyasi-1.png\" data-srcset=\"https:\/\/resabaglanti.com\/wp-content\/uploads\/2024\/08\/favicon-kopyasi-1.png 790w, https:\/\/resabaglanti.com\/wp-content\/uploads\/2024\/08\/favicon-kopyasi-1-300x300.png 300w, https:\/\/resabaglanti.com\/wp-content\/uploads\/2024\/08\/favicon-kopyasi-1-150x150.png 150w, https:\/\/resabaglanti.com\/wp-content\/uploads\/2024\/08\/favicon-kopyasi-1-320x320.png 320w, https:\/\/resabaglanti.com\/wp-content\/uploads\/2024\/08\/favicon-kopyasi-1-760x760.png 760w, https:\/\/resabaglanti.com\/wp-content\/uploads\/2024\/08\/favicon-kopyasi-1-12x12.png 12w\" data-sizes=\"(max-width: 790px) 100vw, 790px\" data-aspect=\"1\" \/>\t\t\t\t\t\t\t\t\t\t\t\t\t\t\t\t\t\t\t\t\t\t\t\t\t\t\t\t\t<\/figure>\n\t\t\t<\/div>\n\t\t<\/div>\n\n\t\t\t<\/div>\n\t\t\t\t<\/div>\n\t\t\t\t<div class=\"elementor-element elementor-element-30344ad elementor-widget elementor-widget-hub_fancy_heading\" data-id=\"30344ad\" data-element_type=\"widget\" data-widget_type=\"hub_fancy_heading.default\">\n\t\t\t\t<div class=\"elementor-widget-container\">\n\t\t\t\n\t\t<div id=\"ld-fancy-heading-6a044a56d6b6b\" class=\"ld-fancy-heading pos-rel\">\n\t\t\t<p class=\"ld-fh-element d-inline-block pos-rel  lqd-highlight-classic lqd-highlight-grow-left p\"  > RESA Connection in Numbers<\/p>\t\t<\/div>\n\n\t\t\t\t<\/div>\n\t\t\t\t<\/div>\n\t\t\t\t<section class=\"elementor-section elementor-inner-section elementor-element elementor-element-e5260ef elementor-section-boxed elementor-section-height-default elementor-section-height-default\" data-id=\"e5260ef\" data-element_type=\"section\">\n\t\t\t\t\t\t<div class=\"elementor-container elementor-column-gap-default\">\n\t\t\t\t\t<div class=\"elementor-column elementor-col-25 elementor-inner-column elementor-element elementor-element-fc20125\" data-id=\"fc20125\" data-element_type=\"column\">\n\t\t\t<div class=\"elementor-widget-wrap elementor-element-populated\">\n\t\t\t\t\t\t<div class=\"elementor-element elementor-element-a412e37 elementor-widget elementor-widget-hub_fancy_heading\" data-id=\"a412e37\" data-element_type=\"widget\" data-widget_type=\"hub_fancy_heading.default\">\n\t\t\t\t<div class=\"elementor-widget-container\">\n\t\t\t\n\t\t<div id=\"ld-fancy-heading-6a044a56d6f32\" class=\"ld-fancy-heading pos-rel\">\n\t\t\t<h5 class=\"ld-fh-element d-inline-block pos-rel  elementor-heading-title lqd-highlight-classic lqd-highlight-grow-left h5\"  data-inview=\"true\" data-transition-delay=\"true\" data-delay-options=\"{&quot;elements&quot;:&quot;.lqd-highlight-inner&quot;,&quot;delayType&quot;:&quot;transition&quot;}\" > <mark class=\"lqd-highlight\"><span class=\"lqd-highlight-txt\"  >5200+<\/span><span class=\"lqd-highlight-inner\"><\/span><\/mark><\/h5>\t\t<\/div>\n\n\t\t\t\t<\/div>\n\t\t\t\t<\/div>\n\t\t\t\t<div class=\"elementor-element elementor-element-33c188d elementor-widget elementor-widget-hub_fancy_heading\" data-id=\"33c188d\" data-element_type=\"widget\" data-widget_type=\"hub_fancy_heading.default\">\n\t\t\t\t<div class=\"elementor-widget-container\">\n\t\t\t\n\t\t<div id=\"ld-fancy-heading-6a044a56d77c7\" class=\"ld-fancy-heading pos-rel\">\n\t\t\t<p class=\"ld-fh-element d-inline-block pos-rel  lqd-highlight-classic lqd-highlight-grow-left p\"  > Part Prototyped<\/p>\t\t<\/div>\n\n\t\t\t\t<\/div>\n\t\t\t\t<\/div>\n\t\t\t\t\t<\/div>\n\t\t<\/div>\n\t\t\t\t<div class=\"elementor-column elementor-col-25 elementor-inner-column elementor-element elementor-element-788b65d\" data-id=\"788b65d\" data-element_type=\"column\">\n\t\t\t<div class=\"elementor-widget-wrap elementor-element-populated\">\n\t\t\t\t\t\t<div class=\"elementor-element elementor-element-2152d8d elementor-widget elementor-widget-hub_fancy_heading\" data-id=\"2152d8d\" data-element_type=\"widget\" data-widget_type=\"hub_fancy_heading.default\">\n\t\t\t\t<div class=\"elementor-widget-container\">\n\t\t\t\n\t\t<div id=\"ld-fancy-heading-6a044a56d7b31\" class=\"ld-fancy-heading pos-rel\">\n\t\t\t<h5 class=\"ld-fh-element d-inline-block pos-rel  elementor-heading-title lqd-highlight-classic lqd-highlight-grow-left h5\"  data-inview=\"true\" data-transition-delay=\"true\" data-delay-options=\"{&quot;elements&quot;:&quot;.lqd-highlight-inner&quot;,&quot;delayType&quot;:&quot;transition&quot;}\" > <mark class=\"lqd-highlight\"><span class=\"lqd-highlight-txt\"  >10m<\/span><span class=\"lqd-highlight-inner\"><\/span><\/mark><\/h5>\t\t<\/div>\n\n\t\t\t\t<\/div>\n\t\t\t\t<\/div>\n\t\t\t\t<div class=\"elementor-element elementor-element-1816248 elementor-widget elementor-widget-hub_fancy_heading\" data-id=\"1816248\" data-element_type=\"widget\" data-widget_type=\"hub_fancy_heading.default\">\n\t\t\t\t<div class=\"elementor-widget-container\">\n\t\t\t\n\t\t<div id=\"ld-fancy-heading-6a044a56d817a\" class=\"ld-fancy-heading pos-rel\">\n\t\t\t<p class=\"ld-fh-element d-inline-block pos-rel  lqd-highlight-classic lqd-highlight-grow-left p\"  > + Part Produced<\/p>\t\t<\/div>\n\n\t\t\t\t<\/div>\n\t\t\t\t<\/div>\n\t\t\t\t\t<\/div>\n\t\t<\/div>\n\t\t\t\t<div class=\"elementor-column elementor-col-25 elementor-inner-column elementor-element elementor-element-f616bd9\" data-id=\"f616bd9\" data-element_type=\"column\">\n\t\t\t<div class=\"elementor-widget-wrap elementor-element-populated\">\n\t\t\t\t\t\t<div class=\"elementor-element elementor-element-3edd19a elementor-widget elementor-widget-hub_fancy_heading\" data-id=\"3edd19a\" data-element_type=\"widget\" data-widget_type=\"hub_fancy_heading.default\">\n\t\t\t\t<div class=\"elementor-widget-container\">\n\t\t\t\n\t\t<div id=\"ld-fancy-heading-6a044a56d84cc\" class=\"ld-fancy-heading pos-rel\">\n\t\t\t<h5 class=\"ld-fh-element d-inline-block pos-rel  elementor-heading-title lqd-highlight-classic lqd-highlight-grow-left h5\"  data-inview=\"true\" data-transition-delay=\"true\" data-delay-options=\"{&quot;elements&quot;:&quot;.lqd-highlight-inner&quot;,&quot;delayType&quot;:&quot;transition&quot;}\" > <mark class=\"lqd-highlight\"><span class=\"lqd-highlight-txt\"  >16+<\/span><span class=\"lqd-highlight-inner\"><\/span><\/mark><\/h5>\t\t<\/div>\n\n\t\t\t\t<\/div>\n\t\t\t\t<\/div>\n\t\t\t\t<div class=\"elementor-element elementor-element-a7751cd elementor-widget elementor-widget-hub_fancy_heading\" data-id=\"a7751cd\" data-element_type=\"widget\" data-widget_type=\"hub_fancy_heading.default\">\n\t\t\t\t<div class=\"elementor-widget-container\">\n\t\t\t\n\t\t<div id=\"ld-fancy-heading-6a044a56d8b08\" class=\"ld-fancy-heading pos-rel\">\n\t\t\t<p class=\"ld-fh-element d-inline-block pos-rel  lqd-highlight-classic lqd-highlight-grow-left p\"  > Years of Industry Experience<\/p>\t\t<\/div>\n\n\t\t\t\t<\/div>\n\t\t\t\t<\/div>\n\t\t\t\t\t<\/div>\n\t\t<\/div>\n\t\t\t\t<div class=\"elementor-column elementor-col-25 elementor-inner-column elementor-element elementor-element-7799e1d\" data-id=\"7799e1d\" data-element_type=\"column\">\n\t\t\t<div class=\"elementor-widget-wrap elementor-element-populated\">\n\t\t\t\t\t\t<div class=\"elementor-element elementor-element-058387a elementor-widget elementor-widget-hub_fancy_heading\" data-id=\"058387a\" data-element_type=\"widget\" data-widget_type=\"hub_fancy_heading.default\">\n\t\t\t\t<div class=\"elementor-widget-container\">\n\t\t\t\n\t\t<div id=\"ld-fancy-heading-6a044a56d8e59\" class=\"ld-fancy-heading pos-rel\">\n\t\t\t<h5 class=\"ld-fh-element d-inline-block pos-rel  elementor-heading-title lqd-highlight-classic lqd-highlight-grow-left h5\"  data-inview=\"true\" data-transition-delay=\"true\" data-delay-options=\"{&quot;elements&quot;:&quot;.lqd-highlight-inner&quot;,&quot;delayType&quot;:&quot;transition&quot;}\" > <mark class=\"lqd-highlight\"><span class=\"lqd-highlight-txt\"  >2000m\u00b2<\/span><span class=\"lqd-highlight-inner\"><\/span><\/mark><\/h5>\t\t<\/div>\n\n\t\t\t\t<\/div>\n\t\t\t\t<\/div>\n\t\t\t\t<div class=\"elementor-element elementor-element-a513cba elementor-widget elementor-widget-hub_fancy_heading\" data-id=\"a513cba\" data-element_type=\"widget\" data-widget_type=\"hub_fancy_heading.default\">\n\t\t\t\t<div class=\"elementor-widget-container\">\n\t\t\t\n\t\t<div id=\"ld-fancy-heading-6a044a56d9499\" class=\"ld-fancy-heading pos-rel\">\n\t\t\t<p class=\"ld-fh-element d-inline-block pos-rel  lqd-highlight-classic lqd-highlight-grow-left p\"  > Production Area<\/p>\t\t<\/div>\n\n\t\t\t\t<\/div>\n\t\t\t\t<\/div>\n\t\t\t\t\t<\/div>\n\t\t<\/div>\n\t\t\t\t\t<\/div>\n\t\t<\/section>\n\t\t\t\t\t<\/div>\n\t\t<\/div>\n\t\t\t\t\t<\/div>\n\t\t<\/section>\n\t\t\t\t<\/div>","protected":false},"excerpt":{"rendered":"<p>Biz Kimiz? Hakk\u0131m\u0131zda RESA 2018 y\u0131l\u0131nda RESA BA\u011eLANTI ELEMANLARI SAN. T\u0130C. A.\u015e. olarak yurt i\u00e7i ve yurt d\u0131\u015f\u0131 pazara so\u011fuk d\u00f6vme y\u00f6ntemi ile \u00f6zel ba\u011flant\u0131 par\u00e7alar\u0131n\u0131n \u00fcretimini yapmak hedefiyle kurulmu\u015ftur. 7500 m2 kapal\u0131, 1000 m2 a\u00e7\u0131k, toplam 8.500 m2 alan \u00fczerine kurulu fabrikas\u0131nda \u00fcretime devam eden RESA, teknolojik yenilik ve geli\u015fmeleri yak\u0131ndan takip ederek, dinamik [&hellip;]<\/p>","protected":false},"author":1,"featured_media":0,"parent":0,"menu_order":0,"comment_status":"closed","ping_status":"closed","template":"","meta":{"rank_math_lock_modified_date":false,"_joinchat":[],"footnotes":""},"class_list":["post-8958","page","type-page","status-publish","hentry"],"_links":{"self":[{"href":"https:\/\/resabaglanti.com\/en\/wp-json\/wp\/v2\/pages\/8958"}],"collection":[{"href":"https:\/\/resabaglanti.com\/en\/wp-json\/wp\/v2\/pages"}],"about":[{"href":"https:\/\/resabaglanti.com\/en\/wp-json\/wp\/v2\/types\/page"}],"author":[{"embeddable":true,"href":"https:\/\/resabaglanti.com\/en\/wp-json\/wp\/v2\/users\/1"}],"replies":[{"embeddable":true,"href":"https:\/\/resabaglanti.com\/en\/wp-json\/wp\/v2\/comments?post=8958"}],"version-history":[{"count":28,"href":"https:\/\/resabaglanti.com\/en\/wp-json\/wp\/v2\/pages\/8958\/revisions"}],"predecessor-version":[{"id":10904,"href":"https:\/\/resabaglanti.com\/en\/wp-json\/wp\/v2\/pages\/8958\/revisions\/10904"}],"wp:attachment":[{"href":"https:\/\/resabaglanti.com\/en\/wp-json\/wp\/v2\/media?parent=8958"}],"curies":[{"name":"wp","href":"https:\/\/api.w.org\/{rel}","templated":true}]}}