{"id":10876,"date":"2024-10-11T09:28:34","date_gmt":"2024-10-11T09:28:34","guid":{"rendered":"https:\/\/resabaglanti.com\/?page_id=10876"},"modified":"2024-11-06T07:36:21","modified_gmt":"2024-11-06T07:36:21","slug":"katalog","status":"publish","type":"page","link":"https:\/\/resabaglanti.com\/en\/katalog\/","title":{"rendered":"Katalog"},"content":{"rendered":"<div data-elementor-type=\"wp-page\" data-elementor-id=\"10876\" class=\"elementor elementor-10876\">\n\t\t\t\t<div class=\"elementor-element elementor-element-a5b9727 e-flex e-con-boxed e-con e-parent\" data-id=\"a5b9727\" data-element_type=\"container\">\n\t\t\t\t\t<div class=\"e-con-inner\">\n\t\t<div class=\"elementor-element elementor-element-5218815 e-con-full e-flex e-con e-child\" data-id=\"5218815\" data-element_type=\"container\">\n\t\t\t\t<\/div>\n\t\t<div class=\"elementor-element elementor-element-cb38ae7 e-con-full e-flex e-con e-child\" data-id=\"cb38ae7\" data-element_type=\"container\">\n\t\t\t\t<div class=\"elementor-element elementor-element-bd370e5 elementor-widget elementor-widget-ld_content_box\" data-id=\"bd370e5\" data-element_type=\"widget\" data-widget_type=\"ld_content_box.default\">\n\t\t\t\t<div class=\"elementor-widget-container\">\n\t\t\t\n\t\t<div class=\"lqd-fb pos-rel lqd-fb-style-1 lqd-fb-style-1-1 lqd-fb-content-overlay lqd-fb-zoom-img-onhover border-radius-4 overflow-hidden h-pt-100\" data-inview=\"true\">\n\t\t\n\t\t\t<div class=\"lqd-fb-inner lqd-overlay\" data-slideelement-onhover=\"true\" data-slideelement-options='{ \"visibleElement\": \"h6, h2\", \"hiddenElement\": \".lqd-fb-txt\", \"disableOnMobile\": true }'>\n\n\t\t\t\t<div class=\"overflow-hidden lqd-fb-img lqd-overlay\">\n\n\t\t\t\t\t<figure class=\"w-100 h-100\">\n\t\t\t\t\t\t<img decoding=\"async\" class=\"w-100 h-100 objfit-cover objfit-center\" src=\"https:\/\/resabaglanti.com\/wp-content\/uploads\/2024\/10\/R_KATALOG_SON-1.jpg\">\t\t\t\t\t<\/figure>\n\n\t\t\t\t<\/div>\n\n\t\t\t\t<div class=\"lqd-fb-content lqd-overlay d-flex align-items-end\">\n\t\t\t\t\t<div class=\"lqd-fb-bg lqd-overlay\"><\/div>\n\t\t\t\t\t<div\n\t\t\t\t\tclass=\"lqd-fb-content-inner pos-rel w-100\"\n\t\t\t\t\tdata-custom-animations=\"true\"\n\t\t\t\t\tdata-ca-options='{ \"triggerHandler\": \"inview\", \"animationTarget\": \"h6, h2, .lqd-fb-txt\", \"duration\": 1200, \"delay\": 120,  \"startDelay\": 250, \"initValues\": { \"y\": 30, \"opacity\": 0 }, \"animations\": { \"y\": 0, \"opacity\": 1 } }'>\n\n\t\t\t\t\t\t\t\t\t\t\t\t<h6 class=\"mt-0 mb-4\">\n\t\t\t\t\t\t\tPDF\t\t\t\t\t\t<\/h6>\n\t\t\t\t\t\t\n\t\t\t\t\t\t<h2 class=\"mt-0 mb-0 lqd-fb__title\">RESA Ba\u011flant\u0131 Ekipmanlar\u0131 Katalog<\/h2>\n\t\t\t\t\t\t\t\t\t\t\t\t\t<div class=\"lqd-fb-txt\">\n\t\t\t\t\t\t\t\n\t\t\t<a\n\t\t\t\thref=\"https:\/\/resabaglanti.com\/wp-content\/uploads\/2024\/11\/Resa-Katalog.pdf\"class=\"elementor-button btn btn-solid btn-icon-right btn-has-label\"\t\t\t>\n\t\t\t\t\t\t\t\t\t<span data-text=\"\u0130ncelemek \u0130\u00e7in T\u0131klay\u0131n\" class=\"btn-txt\">\n\t\t\t\t\t\t\u0130ncelemek \u0130\u00e7in T\u0131klay\u0131n\t\t\t\t\t<\/span>\n\t\t\t\t\t\t\t\t\t\t\t\t\t\t<span class=\"btn-icon\">\n\t\t\t\t\t\t\t<svg aria-hidden=\"true\" class=\"e-font-icon-svg e-far-file-pdf\" viewbox=\"0 0 384 512\" xmlns=\"http:\/\/www.w3.org\/2000\/svg\"><path d=\"M369.9 97.9L286 14C277 5 264.8-.1 252.1-.1H48C21.5 0 0 21.5 0 48v416c0 26.5 21.5 48 48 48h288c26.5 0 48-21.5 48-48V131.9c0-12.7-5.1-25-14.1-34zM332.1 128H256V51.9l76.1 76.1zM48 464V48h160v104c0 13.3 10.7 24 24 24h104v288H48zm250.2-143.7c-12.2-12-47-8.7-64.4-6.5-17.2-10.5-28.7-25-36.8-46.3 3.9-16.1 10.1-40.6 5.4-56-4.2-26.2-37.8-23.6-42.6-5.9-4.4 16.1-.4 38.5 7 67.1-10 23.9-24.9 56-35.4 74.4-20 10.3-47 26.2-51 46.2-3.3 15.8 26 55.2 76.1-31.2 22.4-7.4 46.8-16.5 68.4-20.1 18.9 10.2 41 17 55.8 17 25.5 0 28-28.2 17.5-38.7zm-198.1 77.8c5.1-13.7 24.5-29.5 30.4-35-19 30.3-30.4 35.7-30.4 35zm81.6-190.6c7.4 0 6.7 32.1 1.8 40.8-4.4-13.9-4.3-40.8-1.8-40.8zm-24.4 136.6c9.7-16.9 18-37 24.7-54.7 8.3 15.1 18.9 27.2 30.1 35.5-20.8 4.3-38.9 13.1-54.8 19.2zm131.6-5s-5 6-37.3-7.8c35.1-2.6 40.9 5.4 37.3 7.8z\"><\/path><\/svg>\t\t\t\t\t\t<\/span>\n\t\t\t\t\t\t\t\t\t<\/a>\n\t\t\t\t\t\t\t\t\t\t<\/div>\n\t\t\t\t\t\t\n\t\t\t\t\t\t\t\t\t\t\t\t\t<a href=\"https:\/\/resabaglanti.com\/wp-content\/uploads\/2024\/11\/Resa-Katalog.pdf\" target=\"_blank\" class=\"lqd-overlay\"><\/a>\n\t\t\t\t\t\t\n\t\t\t\t\t<\/div>\n\t\t\t\t<\/div>\n\n\t\t\t<\/div>\n\n\t\t\t\t\t<\/div>\n\t\t\t\t<\/div>\n\t\t\t\t<\/div>\n\t\t\t\t<\/div>\n\t\t<div class=\"elementor-element elementor-element-7de0adc e-con-full e-flex e-con e-child\" data-id=\"7de0adc\" data-element_type=\"container\">\n\t\t\t\t<\/div>\n\t\t\t\t\t<\/div>\n\t\t\t\t<\/div>\n\t\t\t\t<\/div>","protected":false},"excerpt":{"rendered":"<p>PDF RESA Ba\u011flant\u0131 Ekipmanlar\u0131 Katalog \u0130ncelemek \u0130\u00e7in T\u0131klay\u0131n<\/p>","protected":false},"author":1,"featured_media":0,"parent":0,"menu_order":0,"comment_status":"closed","ping_status":"closed","template":"","meta":{"rank_math_lock_modified_date":false,"_joinchat":[],"footnotes":""},"class_list":["post-10876","page","type-page","status-publish","hentry"],"_links":{"self":[{"href":"https:\/\/resabaglanti.com\/en\/wp-json\/wp\/v2\/pages\/10876"}],"collection":[{"href":"https:\/\/resabaglanti.com\/en\/wp-json\/wp\/v2\/pages"}],"about":[{"href":"https:\/\/resabaglanti.com\/en\/wp-json\/wp\/v2\/types\/page"}],"author":[{"embeddable":true,"href":"https:\/\/resabaglanti.com\/en\/wp-json\/wp\/v2\/users\/1"}],"replies":[{"embeddable":true,"href":"https:\/\/resabaglanti.com\/en\/wp-json\/wp\/v2\/comments?post=10876"}],"version-history":[{"count":19,"href":"https:\/\/resabaglanti.com\/en\/wp-json\/wp\/v2\/pages\/10876\/revisions"}],"predecessor-version":[{"id":10909,"href":"https:\/\/resabaglanti.com\/en\/wp-json\/wp\/v2\/pages\/10876\/revisions\/10909"}],"wp:attachment":[{"href":"https:\/\/resabaglanti.com\/en\/wp-json\/wp\/v2\/media?parent=10876"}],"curies":[{"name":"wp","href":"https:\/\/api.w.org\/{rel}","templated":true}]}}